{"id":5502,"date":"2025-09-25T23:26:17","date_gmt":"2025-09-26T02:26:17","guid":{"rendered":"http:\/\/cooperjalesobjetivo.educacao.ws\/?page_id=5502"},"modified":"2025-11-20T15:10:20","modified_gmt":"2025-11-20T18:10:20","slug":"quem-somos-2","status":"publish","type":"page","link":"https:\/\/cooperjalesobjetivo.com.br\/novo\/quem-somos-2\/","title":{"rendered":"Quem somos"},"content":{"rendered":"\t\t<div data-elementor-type=\"wp-page\" data-elementor-id=\"5502\" class=\"elementor elementor-5502\">\n\t\t\t\t<div class=\"elementor-element elementor-element-5093181 e-flex e-con-boxed e-con e-parent\" data-id=\"5093181\" data-element_type=\"container\">\n\t\t\t\t\t<div class=\"e-con-inner\">\n\t\t\t\t<div class=\"elementor-element elementor-element-ba8d149 elementor-widget elementor-widget-heading\" data-id=\"ba8d149\" data-element_type=\"widget\" data-widget_type=\"heading.default\">\n\t\t\t\t\t<h2 class=\"elementor-heading-title elementor-size-default\">Quem somos<\/h2>\t\t\t\t<\/div>\n\t\t\t\t\t<\/div>\n\t\t\t\t<\/div>\n\t\t<div class=\"elementor-element elementor-element-0b617d5 e-flex e-con-boxed e-con e-parent\" data-id=\"0b617d5\" data-element_type=\"container\">\n\t\t\t\t\t<div class=\"e-con-inner\">\n\t\t\t\t<div class=\"elementor-element elementor-element-1f20e01 elementor-widget elementor-widget-text-editor\" data-id=\"1f20e01\" data-element_type=\"widget\" data-widget_type=\"text-editor.default\">\n\t\t\t\t\t\t\t\t\t<p>Educa\u00e7\u00e3o de verdade, sem fins lucrativos, administrada pelos pais. Prioridades: qualidade (comprovada com a participa\u00e7\u00e3o nas avalia\u00e7\u00f5es anuais de todos os segmentos escolares); garantia de futuro(orienta\u00e7\u00e3o ao vestibulando e utiliza\u00e7\u00e3o de ferramentas pedag\u00f3gicas digitais) e compromisso, pela capacita\u00e7\u00e3o de profissionais.<br \/><br \/><strong><br \/>CONFIRA:<br \/><\/strong>Corpo Docente: professores competentes, altamente qualificados e comprometidos com a qualidade de ensino. A maioria atua na escola desde a instala\u00e7\u00e3o(1992). Do 1\u00ba ao 5\u00ba ano as classes contam com dois professores em sala de aula. No ensino m\u00e9dio, professores sintonizados com a pedagogia e realidade das melhores universidades.<br \/><br \/>Material utilizado: reconhecido como um dos mais completos do pa\u00eds, o Sistema objetivo de ensino, a partir de 2010, ser\u00e1 reformulado abordando habilidades e compet\u00eancias exigidas pelo ENEM e principais vestibulares.<\/p><p>Plant\u00f5es de d\u00favidas e aulas de refor\u00e7o: condizentes aos distintos componentes curriculares.<\/p><p>Ranking no ENEM: 1\u00aa classificada no munic\u00edpio e regi\u00e3o por cinco anos consecutivos.<\/p><p>Olimp\u00edadas: participa\u00e7\u00e3o efetiva e alunos medalhistas na maioria das participa\u00e7\u00f5es.<\/p><p>Vestibulares: coordenadoria para orienta\u00e7\u00f5es como garantia de ingresso de alunos nas melhores universidades p\u00fablicas e privadas do pa\u00eds.<\/p><p>Gr\u00eamio estudantil: institui\u00e7\u00e3o auxiliar da escola, eleita anualmente com objetivo de representar os alunos e mobiliz\u00e1-los \u00e0 cidadania.<\/p><p><strong><br \/>CONSTATE:<br \/><\/strong>Educa\u00e7\u00e3o B\u00e1sica (Infantil, fundamental e m\u00e9dio) e curso pr\u00e9-vestibular: trabalho pautado pelo respeito \u00e0 crian\u00e7a e ao adolescente como indiv\u00edduo livre, pensante e capaz, contribuindo, assim, para sua constante evolu\u00e7\u00e3o e autonomia.<\/p><p>Estrutura F\u00edsica: salas de aulas climatizadas, biblioteca com acervo atualizado, brinquedoteca, p\u00e1tio amplo e arejado, parque infantil coberto, laborat\u00f3rios (f\u00edsica, qu\u00edmica, biologia e inform\u00e1tica), gin\u00e1sio de esportes, campo de futebol society e quiosque multi uso.<\/p><p><br \/><strong>Venha conhecer-nos. Sua visita muito nos alegrar\u00e1.<\/strong><br \/>Telefone: (17) 3632.6166<\/p>\t\t\t\t\t\t\t\t<\/div>\n\t\t\t\t<div class=\"elementor-element elementor-element-cc082f6 gallery-spacing-custom elementor-widget elementor-widget-image-gallery\" data-id=\"cc082f6\" data-element_type=\"widget\" data-widget_type=\"image-gallery.default\">\n\t\t\t\t\t\t\t<div class=\"elementor-image-gallery\">\n\t\t\t<div id='gallery-1' class='gallery galleryid-5502 gallery-columns-3 gallery-size-medium_large'><figure class='gallery-item'>\n\t\t\t<div class='gallery-icon landscape'>\n\t\t\t\t<a data-elementor-open-lightbox=\"yes\" data-elementor-lightbox-slideshow=\"cc082f6\" data-elementor-lightbox-title=\"DSC01236\" data-e-action-hash=\"#elementor-action%3Aaction%3Dlightbox%26settings%3DeyJpZCI6NTUxMiwidXJsIjoiaHR0cHM6XC9cL2Nvb3BlcmphbGVzb2JqZXRpdm8uY29tLmJyXC9ub3ZvXC93cC1jb250ZW50XC91cGxvYWRzXC8yMDI1XC8wOVwvRFNDMDEyMzYuanBnIiwic2xpZGVzaG93IjoiY2MwODJmNiJ9\" href='https:\/\/cooperjalesobjetivo.com.br\/novo\/wp-content\/uploads\/2025\/09\/DSC01236.jpg'><img fetchpriority=\"high\" decoding=\"async\" width=\"640\" height=\"427\" src=\"https:\/\/cooperjalesobjetivo.com.br\/novo\/wp-content\/uploads\/2025\/09\/DSC01236-768x512.jpg\" class=\"attachment-medium_large size-medium_large\" alt=\"\" srcset=\"https:\/\/cooperjalesobjetivo.com.br\/novo\/wp-content\/uploads\/2025\/09\/DSC01236-768x512.jpg 768w, https:\/\/cooperjalesobjetivo.com.br\/novo\/wp-content\/uploads\/2025\/09\/DSC01236-300x200.jpg 300w, https:\/\/cooperjalesobjetivo.com.br\/novo\/wp-content\/uploads\/2025\/09\/DSC01236-1024x683.jpg 1024w, https:\/\/cooperjalesobjetivo.com.br\/novo\/wp-content\/uploads\/2025\/09\/DSC01236.jpg 1500w\" sizes=\"(max-width: 640px) 100vw, 640px\" \/><\/a>\n\t\t\t<\/div><\/figure><figure class='gallery-item'>\n\t\t\t<div class='gallery-icon landscape'>\n\t\t\t\t<a data-elementor-open-lightbox=\"yes\" data-elementor-lightbox-slideshow=\"cc082f6\" data-elementor-lightbox-title=\"DSC03528\" data-e-action-hash=\"#elementor-action%3Aaction%3Dlightbox%26settings%3DeyJpZCI6NTUxMywidXJsIjoiaHR0cHM6XC9cL2Nvb3BlcmphbGVzb2JqZXRpdm8uY29tLmJyXC9ub3ZvXC93cC1jb250ZW50XC91cGxvYWRzXC8yMDI1XC8wOVwvRFNDMDM1MjguanBnIiwic2xpZGVzaG93IjoiY2MwODJmNiJ9\" href='https:\/\/cooperjalesobjetivo.com.br\/novo\/wp-content\/uploads\/2025\/09\/DSC03528.jpg'><img decoding=\"async\" width=\"640\" height=\"427\" src=\"https:\/\/cooperjalesobjetivo.com.br\/novo\/wp-content\/uploads\/2025\/09\/DSC03528-768x512.jpg\" class=\"attachment-medium_large size-medium_large\" alt=\"\" srcset=\"https:\/\/cooperjalesobjetivo.com.br\/novo\/wp-content\/uploads\/2025\/09\/DSC03528-768x512.jpg 768w, https:\/\/cooperjalesobjetivo.com.br\/novo\/wp-content\/uploads\/2025\/09\/DSC03528-300x200.jpg 300w, https:\/\/cooperjalesobjetivo.com.br\/novo\/wp-content\/uploads\/2025\/09\/DSC03528-1024x683.jpg 1024w, https:\/\/cooperjalesobjetivo.com.br\/novo\/wp-content\/uploads\/2025\/09\/DSC03528.jpg 1500w\" sizes=\"(max-width: 640px) 100vw, 640px\" \/><\/a>\n\t\t\t<\/div><\/figure><figure class='gallery-item'>\n\t\t\t<div class='gallery-icon landscape'>\n\t\t\t\t<a data-elementor-open-lightbox=\"yes\" data-elementor-lightbox-slideshow=\"cc082f6\" data-elementor-lightbox-title=\"DSC00880\" data-e-action-hash=\"#elementor-action%3Aaction%3Dlightbox%26settings%3DeyJpZCI6NTUxNCwidXJsIjoiaHR0cHM6XC9cL2Nvb3BlcmphbGVzb2JqZXRpdm8uY29tLmJyXC9ub3ZvXC93cC1jb250ZW50XC91cGxvYWRzXC8yMDI1XC8wOVwvRFNDMDA4ODAuanBnIiwic2xpZGVzaG93IjoiY2MwODJmNiJ9\" href='https:\/\/cooperjalesobjetivo.com.br\/novo\/wp-content\/uploads\/2025\/09\/DSC00880.jpg'><img decoding=\"async\" width=\"640\" height=\"429\" src=\"https:\/\/cooperjalesobjetivo.com.br\/novo\/wp-content\/uploads\/2025\/09\/DSC00880-768x515.jpg\" class=\"attachment-medium_large size-medium_large\" alt=\"\" srcset=\"https:\/\/cooperjalesobjetivo.com.br\/novo\/wp-content\/uploads\/2025\/09\/DSC00880-768x515.jpg 768w, https:\/\/cooperjalesobjetivo.com.br\/novo\/wp-content\/uploads\/2025\/09\/DSC00880-300x201.jpg 300w, https:\/\/cooperjalesobjetivo.com.br\/novo\/wp-content\/uploads\/2025\/09\/DSC00880-1024x687.jpg 1024w, https:\/\/cooperjalesobjetivo.com.br\/novo\/wp-content\/uploads\/2025\/09\/DSC00880.jpg 1500w\" sizes=\"(max-width: 640px) 100vw, 640px\" \/><\/a>\n\t\t\t<\/div><\/figure>\n\t\t<\/div>\n\t\t<\/div>\n\t\t\t\t\t\t<\/div>\n\t\t\t\t\t<\/div>\n\t\t\t\t<\/div>\n\t\t\t\t<\/div>\n\t\t","protected":false},"excerpt":{"rendered":"<p>Quem somos Educa\u00e7\u00e3o de verdade, sem fins lucrativos, administrada pelos pais. Prioridades: qualidade (comprovada com a participa\u00e7\u00e3o nas avalia\u00e7\u00f5es anuais de todos os segmentos escolares); garantia de futuro(orienta\u00e7\u00e3o ao vestibulando e utiliza\u00e7\u00e3o de ferramentas pedag\u00f3gicas digitais) e compromisso, pela capacita\u00e7\u00e3o de profissionais. CONFIRA:Corpo Docente: professores competentes, altamente qualificados e comprometidos com a qualidade de ensino&#8230;.<\/p>\n","protected":false},"author":1,"featured_media":0,"parent":0,"menu_order":0,"comment_status":"closed","ping_status":"open","template":"","meta":{"footnotes":""},"class_list":["post-5502","page","type-page","status-publish","hentry"],"_links":{"self":[{"href":"https:\/\/cooperjalesobjetivo.com.br\/novo\/wp-json\/wp\/v2\/pages\/5502","targetHints":{"allow":["GET"]}}],"collection":[{"href":"https:\/\/cooperjalesobjetivo.com.br\/novo\/wp-json\/wp\/v2\/pages"}],"about":[{"href":"https:\/\/cooperjalesobjetivo.com.br\/novo\/wp-json\/wp\/v2\/types\/page"}],"author":[{"embeddable":true,"href":"https:\/\/cooperjalesobjetivo.com.br\/novo\/wp-json\/wp\/v2\/users\/1"}],"replies":[{"embeddable":true,"href":"https:\/\/cooperjalesobjetivo.com.br\/novo\/wp-json\/wp\/v2\/comments?post=5502"}],"version-history":[{"count":3,"href":"https:\/\/cooperjalesobjetivo.com.br\/novo\/wp-json\/wp\/v2\/pages\/5502\/revisions"}],"predecessor-version":[{"id":5517,"href":"https:\/\/cooperjalesobjetivo.com.br\/novo\/wp-json\/wp\/v2\/pages\/5502\/revisions\/5517"}],"wp:attachment":[{"href":"https:\/\/cooperjalesobjetivo.com.br\/novo\/wp-json\/wp\/v2\/media?parent=5502"}],"curies":[{"name":"wp","href":"https:\/\/api.w.org\/{rel}","templated":true}]}}