{"id":5219,"date":"2025-09-24T22:52:45","date_gmt":"2025-09-25T01:52:45","guid":{"rendered":"http:\/\/cooperjalesobjetivo.educacao.ws\/?page_id=5219"},"modified":"2025-11-04T22:44:44","modified_gmt":"2025-11-05T01:44:44","slug":"ouvidoria","status":"publish","type":"page","link":"https:\/\/cooperjalesobjetivo.com.br\/novo\/ouvidoria\/","title":{"rendered":"Ouvidoria"},"content":{"rendered":"\t\t<div data-elementor-type=\"wp-page\" data-elementor-id=\"5219\" class=\"elementor elementor-5219\">\n\t\t\t\t<div class=\"elementor-element elementor-element-5093181 e-flex e-con-boxed e-con e-parent\" data-id=\"5093181\" data-element_type=\"container\">\n\t\t\t\t\t<div class=\"e-con-inner\">\n\t\t\t\t<div class=\"elementor-element elementor-element-ba8d149 elementor-widget elementor-widget-heading\" data-id=\"ba8d149\" data-element_type=\"widget\" data-widget_type=\"heading.default\">\n\t\t\t\t\t<h2 class=\"elementor-heading-title elementor-size-default\">Ouvidoria<\/h2>\t\t\t\t<\/div>\n\t\t\t\t\t<\/div>\n\t\t\t\t<\/div>\n\t\t<div class=\"elementor-element elementor-element-0b617d5 e-flex e-con-boxed e-con e-parent\" data-id=\"0b617d5\" data-element_type=\"container\">\n\t\t\t\t\t<div class=\"e-con-inner\">\n\t\t\t\t<div class=\"elementor-element elementor-element-1f20e01 elementor-widget elementor-widget-text-editor\" data-id=\"1f20e01\" data-element_type=\"widget\" data-widget_type=\"text-editor.default\">\n\t\t\t\t\t\t\t\t\t<p>Para atender e ouvir todos os pais e alunos, criamos a ouvidoria da Cooperjales, um canal de comunica\u00e7\u00e3o destinado a receber sugest\u00f5es, reclama\u00e7\u00f5es, solicita\u00e7\u00f5es ou elogios.<\/p>\n<p>As demandas da ouvidoria ser\u00e3o apresentadas ao setor competente para conhecimento e\/ou provid\u00eancias cab\u00edveis, com retorno a respeito das dilig\u00eancias tomadas no prazo m\u00e1ximo de 2 dias \u00fateis, se o caso.<\/p>\n<p>Temos dois canais de contato, sendo eles:\u00a0<\/p>\n<p>Formul\u00e1rio: <a href=\"https:\/\/forms.gle\/4He6HB866ddDW8N47\" target=\"_blank\" rel=\"noopener\">https:\/\/forms.gle\/4He6HB866ddDW8N47<\/a><br \/>E-mail: <a href=\"mailto:ouvidoria@cooperjalesobjetivo.com.br\" target=\"_blank\" rel=\"noopener\">ouvidoria@cooperjalesobjetivo.com.br<\/a><\/p>\t\t\t\t\t\t\t\t<\/div>\n\t\t\t\t\t<\/div>\n\t\t\t\t<\/div>\n\t\t\t\t<\/div>\n\t\t","protected":false},"excerpt":{"rendered":"<p>Ouvidoria Para atender e ouvir todos os pais e alunos, criamos a ouvidoria da Cooperjales, um canal de comunica\u00e7\u00e3o destinado a receber sugest\u00f5es, reclama\u00e7\u00f5es, solicita\u00e7\u00f5es ou elogios. As demandas da ouvidoria ser\u00e3o apresentadas ao setor competente para conhecimento e\/ou provid\u00eancias cab\u00edveis, com retorno a respeito das dilig\u00eancias tomadas no prazo m\u00e1ximo de 2 dias \u00fateis,&#8230;<\/p>\n","protected":false},"author":1,"featured_media":0,"parent":0,"menu_order":0,"comment_status":"closed","ping_status":"open","template":"","meta":{"footnotes":""},"class_list":["post-5219","page","type-page","status-publish","hentry"],"_links":{"self":[{"href":"https:\/\/cooperjalesobjetivo.com.br\/novo\/wp-json\/wp\/v2\/pages\/5219","targetHints":{"allow":["GET"]}}],"collection":[{"href":"https:\/\/cooperjalesobjetivo.com.br\/novo\/wp-json\/wp\/v2\/pages"}],"about":[{"href":"https:\/\/cooperjalesobjetivo.com.br\/novo\/wp-json\/wp\/v2\/types\/page"}],"author":[{"embeddable":true,"href":"https:\/\/cooperjalesobjetivo.com.br\/novo\/wp-json\/wp\/v2\/users\/1"}],"replies":[{"embeddable":true,"href":"https:\/\/cooperjalesobjetivo.com.br\/novo\/wp-json\/wp\/v2\/comments?post=5219"}],"version-history":[{"count":15,"href":"https:\/\/cooperjalesobjetivo.com.br\/novo\/wp-json\/wp\/v2\/pages\/5219\/revisions"}],"predecessor-version":[{"id":5235,"href":"https:\/\/cooperjalesobjetivo.com.br\/novo\/wp-json\/wp\/v2\/pages\/5219\/revisions\/5235"}],"wp:attachment":[{"href":"https:\/\/cooperjalesobjetivo.com.br\/novo\/wp-json\/wp\/v2\/media?parent=5219"}],"curies":[{"name":"wp","href":"https:\/\/api.w.org\/{rel}","templated":true}]}}