{"id":5137,"date":"2025-09-24T20:45:39","date_gmt":"2025-09-24T23:45:39","guid":{"rendered":"http:\/\/cooperjalesobjetivo.educacao.ws\/?page_id=5137"},"modified":"2025-11-20T23:14:13","modified_gmt":"2025-11-21T02:14:13","slug":"robotica","status":"publish","type":"page","link":"https:\/\/cooperjalesobjetivo.com.br\/novo\/robotica\/","title":{"rendered":"Rob\u00f3tica"},"content":{"rendered":"\t\t<div data-elementor-type=\"wp-page\" data-elementor-id=\"5137\" class=\"elementor elementor-5137\">\n\t\t\t\t\t\t<section class=\"elementor-section elementor-top-section elementor-element elementor-element-4c346ca elementor-section-full_width elementor-section-height-default elementor-section-height-default\" data-id=\"4c346ca\" data-element_type=\"section\">\n\t\t\t\t\t\t<div class=\"elementor-container elementor-column-gap-default\">\n\t\t\t\t\t<div class=\"elementor-column elementor-col-50 elementor-top-column elementor-element elementor-element-7a6697a\" data-id=\"7a6697a\" data-element_type=\"column\">\n\t\t\t<div class=\"elementor-widget-wrap elementor-element-populated\">\n\t\t\t\t\t\t<div class=\"elementor-element elementor-element-2e88743 elementor-widget elementor-widget-image\" data-id=\"2e88743\" data-element_type=\"widget\" data-widget_type=\"image.default\">\n\t\t\t\t\t\t\t\t\t\t\t\t\t\t\t<img fetchpriority=\"high\" decoding=\"async\" width=\"2560\" height=\"1707\" src=\"https:\/\/cooperjalesobjetivo.com.br\/novo\/wp-content\/uploads\/2025\/11\/DSC02891-scaled.png\" class=\"attachment-full size-full wp-image-6043\" alt=\"\" srcset=\"https:\/\/cooperjalesobjetivo.com.br\/novo\/wp-content\/uploads\/2025\/11\/DSC02891-scaled.png 2560w, https:\/\/cooperjalesobjetivo.com.br\/novo\/wp-content\/uploads\/2025\/11\/DSC02891-300x200.png 300w, https:\/\/cooperjalesobjetivo.com.br\/novo\/wp-content\/uploads\/2025\/11\/DSC02891-1024x683.png 1024w, https:\/\/cooperjalesobjetivo.com.br\/novo\/wp-content\/uploads\/2025\/11\/DSC02891-768x512.png 768w, https:\/\/cooperjalesobjetivo.com.br\/novo\/wp-content\/uploads\/2025\/11\/DSC02891-1536x1024.png 1536w, https:\/\/cooperjalesobjetivo.com.br\/novo\/wp-content\/uploads\/2025\/11\/DSC02891-2048x1365.png 2048w\" sizes=\"(max-width: 2560px) 100vw, 2560px\" \/>\t\t\t\t\t\t\t\t\t\t\t\t\t\t\t<\/div>\n\t\t\t\t\t<\/div>\n\t\t<\/div>\n\t\t\t\t<div class=\"elementor-column elementor-col-50 elementor-top-column elementor-element elementor-element-53ea135\" data-id=\"53ea135\" data-element_type=\"column\">\n\t\t\t<div class=\"elementor-widget-wrap elementor-element-populated\">\n\t\t\t\t\t\t<section class=\"elementor-section elementor-inner-section elementor-element elementor-element-af76f05 elementor-section-boxed elementor-section-height-default elementor-section-height-default\" data-id=\"af76f05\" data-element_type=\"section\">\n\t\t\t\t\t\t<div class=\"elementor-container elementor-column-gap-default\">\n\t\t\t\t\t<div class=\"elementor-column elementor-col-100 elementor-inner-column elementor-element elementor-element-ffec600\" data-id=\"ffec600\" data-element_type=\"column\">\n\t\t\t<div class=\"elementor-widget-wrap elementor-element-populated\">\n\t\t\t\t\t\t<div class=\"elementor-element elementor-element-ac03abf elementor-widget elementor-widget-react-heading\" data-id=\"ac03abf\" data-element_type=\"widget\" data-widget_type=\"react-heading.default\">\n\t\t\t\t<div class=\"elementor-widget-container\">\n\t\t\t\t\t        <div class=\"react-heading default \">\n            <div class=\"title-inner\">\n                <h2 class=\"title\">Rob\u00f3tica<\/h2>            <\/div>\n                        <div class=\"description\">\n                <p>Os nossos alunos dos anos finais do Ensino Fundamental j\u00e1 iniciaram o ano letivo com as aulas de rob\u00f3tica.\u00a0<br \/><br \/>A rob\u00f3tica consiste em uma s\u00e9rie de procedimentos para que um rob\u00f4 seja capaz de executar um conjunto de instru\u00e7\u00f5es. Na \u00e1rea educacional, \u00e9 um m\u00e9todo de ensino que incentiva o aluno a construir os pr\u00f3prios conhecimentos por meio da realiza\u00e7\u00e3o de uma a\u00e7\u00e3o. Nela, s\u00e3o mesclados materiais n\u00e3o estruturados, como sucatas, ou s\u00e3o usados kits de montagem.<br \/>Esses materiais s\u00e3o compostos por diversas pe\u00e7as, sensores e motores, controlados por uma placa que permite programar o funcionamento dos modelos montados. Eles garantem ao aluno a oportunidade de desenvolver sua criatividade com a montagem de seu pr\u00f3prio projeto.<br \/><br \/>Com a aplica\u00e7\u00e3o dos conhecimentos previamente adquiridos pelos estudantes, a disciplina d\u00e1 a oportunidade para que eles aprendam fazendo, n\u00e3o apenas decorando conte\u00fados que n\u00e3o ser\u00e3o aplicados no cotidiano.<\/p>            <\/div>\n                    <\/div>\n        \t\t\t\t<\/div>\n\t\t\t\t<\/div>\n\t\t\t\t\t<\/div>\n\t\t<\/div>\n\t\t\t\t\t<\/div>\n\t\t<\/section>\n\t\t\t\t\t<\/div>\n\t\t<\/div>\n\t\t\t\t\t<\/div>\n\t\t<\/section>\n\t\t\t\t<section class=\"elementor-section elementor-top-section elementor-element elementor-element-6d69e1a elementor-section-full_width elementor-section-height-default elementor-section-height-default\" data-id=\"6d69e1a\" data-element_type=\"section\">\n\t\t\t\t\t\t<div class=\"elementor-container elementor-column-gap-default\">\n\t\t\t\t\t<div class=\"elementor-column elementor-col-100 elementor-top-column elementor-element elementor-element-d5b9a38\" data-id=\"d5b9a38\" data-element_type=\"column\">\n\t\t\t<div class=\"elementor-widget-wrap elementor-element-populated\">\n\t\t\t\t\t\t<section class=\"elementor-section elementor-inner-section elementor-element elementor-element-834c180 elementor-section-full_width elementor-section-height-default elementor-section-height-default\" data-id=\"834c180\" data-element_type=\"section\">\n\t\t\t\t\t\t<div class=\"elementor-container elementor-column-gap-default\">\n\t\t\t\t\t<div class=\"elementor-column elementor-col-100 elementor-inner-column elementor-element elementor-element-4604262\" data-id=\"4604262\" data-element_type=\"column\">\n\t\t\t<div class=\"elementor-widget-wrap elementor-element-populated\">\n\t\t\t\t\t\t<div class=\"elementor-element elementor-element-6ec1235 elementor-widget elementor-widget-react-heading\" data-id=\"6ec1235\" data-element_type=\"widget\" data-widget_type=\"react-heading.default\">\n\t\t\t\t<div class=\"elementor-widget-container\">\n\t\t\t\t\t        <div class=\"react-heading default \">\n            <div class=\"title-inner\">\n                            <\/div>\n                    <\/div>\n        \t\t\t\t<\/div>\n\t\t\t\t<\/div>\n\t\t\t\t\t<\/div>\n\t\t<\/div>\n\t\t\t\t\t<\/div>\n\t\t<\/section>\n\t\t\t\t\t<\/div>\n\t\t<\/div>\n\t\t\t\t\t<\/div>\n\t\t<\/section>\n\t\t\t\t<\/div>\n\t\t","protected":false},"excerpt":{"rendered":"<p>Rob\u00f3tica Os nossos alunos dos anos finais do Ensino Fundamental j\u00e1 iniciaram o ano letivo com as aulas de rob\u00f3tica.\u00a0 A rob\u00f3tica consiste em uma s\u00e9rie de procedimentos para que um rob\u00f4 seja capaz de executar um conjunto de instru\u00e7\u00f5es. Na \u00e1rea educacional, \u00e9 um m\u00e9todo de ensino que incentiva o aluno a construir os&#8230;<\/p>\n","protected":false},"author":1,"featured_media":0,"parent":0,"menu_order":0,"comment_status":"closed","ping_status":"closed","template":"","meta":{"footnotes":""},"class_list":["post-5137","page","type-page","status-publish","hentry"],"_links":{"self":[{"href":"https:\/\/cooperjalesobjetivo.com.br\/novo\/wp-json\/wp\/v2\/pages\/5137","targetHints":{"allow":["GET"]}}],"collection":[{"href":"https:\/\/cooperjalesobjetivo.com.br\/novo\/wp-json\/wp\/v2\/pages"}],"about":[{"href":"https:\/\/cooperjalesobjetivo.com.br\/novo\/wp-json\/wp\/v2\/types\/page"}],"author":[{"embeddable":true,"href":"https:\/\/cooperjalesobjetivo.com.br\/novo\/wp-json\/wp\/v2\/users\/1"}],"replies":[{"embeddable":true,"href":"https:\/\/cooperjalesobjetivo.com.br\/novo\/wp-json\/wp\/v2\/comments?post=5137"}],"version-history":[{"count":6,"href":"https:\/\/cooperjalesobjetivo.com.br\/novo\/wp-json\/wp\/v2\/pages\/5137\/revisions"}],"predecessor-version":[{"id":6046,"href":"https:\/\/cooperjalesobjetivo.com.br\/novo\/wp-json\/wp\/v2\/pages\/5137\/revisions\/6046"}],"wp:attachment":[{"href":"https:\/\/cooperjalesobjetivo.com.br\/novo\/wp-json\/wp\/v2\/media?parent=5137"}],"curies":[{"name":"wp","href":"https:\/\/api.w.org\/{rel}","templated":true}]}}