{"id":5136,"date":"2025-09-24T20:45:33","date_gmt":"2025-09-24T23:45:33","guid":{"rendered":"http:\/\/cooperjalesobjetivo.educacao.ws\/?page_id=5136"},"modified":"2025-11-20T00:43:33","modified_gmt":"2025-11-20T03:43:33","slug":"bilingue","status":"publish","type":"page","link":"https:\/\/cooperjalesobjetivo.com.br\/novo\/bilingue\/","title":{"rendered":"Bil\u00edngue"},"content":{"rendered":"<p><img fetchpriority=\"high\" decoding=\"async\" src=\"https:\/\/cooperjalesobjetivo.com.br\/novo\/wp-content\/uploads\/2025\/11\/Ingles-scaled.png\" sizes=\"(max-width: 2560px) 100vw, 2560px\" srcset=\"https:\/\/cooperjalesobjetivo.com.br\/novo\/wp-content\/uploads\/2025\/11\/Ingles-scaled.png 2560w, https:\/\/cooperjalesobjetivo.com.br\/novo\/wp-content\/uploads\/2025\/11\/Ingles-300x200.png 300w, https:\/\/cooperjalesobjetivo.com.br\/novo\/wp-content\/uploads\/2025\/11\/Ingles-1024x683.png 1024w, https:\/\/cooperjalesobjetivo.com.br\/novo\/wp-content\/uploads\/2025\/11\/Ingles-768x512.png 768w, https:\/\/cooperjalesobjetivo.com.br\/novo\/wp-content\/uploads\/2025\/11\/Ingles-1536x1024.png 1536w, https:\/\/cooperjalesobjetivo.com.br\/novo\/wp-content\/uploads\/2025\/11\/Ingles-2048x1365.png 2048w\" alt=\"\" width=\"2560\" height=\"1707\" \/><\/p>\n<h2>Bil\u00edngue<\/h2>\n<p>O per\u00edodo de 0 a 5 anos \u00e9 o mais importante na forma\u00e7\u00e3o do individual. \u00c9 quando ele constr\u00f3i os princ\u00edpios instrumentais interiores de que se servir\u00e1, primeiro de modo inconsciente e depois com progressiva consci\u00eancia, para se relacionar com a chamada realidade exterior. O tempo todo a crian\u00e7a idade, descolrindo, inventando, resistindo, perguntando, retrucando, refazendo, socializando-se. Nesse processo de forma\u00e7\u00e3o, a Educa\u00e7\u00e3o Infantil deve proporcionar um conjunto de meios, materiais e oportunidades para um crescente saud\u00e1vel em todos os aspectos.<\/p>\n<p>Na nossa unidade escolar, Educa\u00e7\u00e3o Infantil \u00e9 levada muito a s\u00e9rio. Neste sentido, trabalhamos para que a crian\u00e7a se sinta autoconfiante e siga no ambiente escolar e em seu relacionamento com os educadores. Oferecemos a ela condi\u00e7\u00f5es para que realemente seja crian\u00e7a, ativa e questionadora, nem impor limita uma sua curiosidade. E, pouco a pouco, no contato com outras crian\u00e7as da mesma passagem et\u00e1ria, ela vai construindo valores e aprendendo a respetar os sentimentos, izaias, atitudes e direitos dos outros.<\/p>\n<p>Educa\u00e7\u00e3o Infantil ofercida pela Escola Integrada Rui Barbosa, perceber e reconhecer o aluno integralmente, favorecer a forma\u00e7\u00e3o e o desenvolvimento de suas fun\u00e7\u0151es e opera\u00e7\u0151es cognitivas, a assimila\u00e7\u00e3o de conhecimentos e elabora\u00e7\u00e3o de valores \u00e9ticos e est\u00e9ticos.<\/p>\n<p>Enfim, nosso objetivo \u00e9 preparar nossos alunos para abra\u00e7ar desafios, ampliando seus horizontes para que possam atuar no presente e no futuro com sucesso, respetando sua pr\u00f3pria individualidade; construir uma escola que venha ao encontrar dos desejos e das necessidades das crian\u00e7as, que realemente promova o seu desenvolvimento intelectual, emocional e social requerer serial!<\/p>\n<p>Aos pais e respons\u00e1veis cabe a escola consciente e prudente do espa\u00e7o educacional de que dispor\u00e3o seus filhos. \u00c0 escola cabe dar \u00e0s crian\u00e7as uma forma\u00e7\u00e3o tranquila e saud\u00e1vel, at\u00e9 um projeto educacional alinhado com os novos tempos.<\/p>\n<p>Trabalhos para despertar o senso de dever e responsabilidade, coopera\u00e7\u00e3o, solidariedade, coordena\u00e7\u00e3o motora, est\u00edmulo \u00e0 cria\u00e7\u00e3o, linguagem e autoestima dando atendimento \u00e0s necessidades b\u00e1sicas das crian\u00e7as.<\/p>\n<p>Se voc\u00ea busca uma escola completa, com profissionais altamente capacitados e uma estrutura preparada para receber o seu filho, a CooperJales Objetivo \u00e9 o lugar certo!<\/p>\n<h2>Educa\u00e7\u00e3o Infantil<\/h2>\n<figure><img decoding=\"async\" src=\"https:\/\/cooperjalesobjetivo.com.br\/novo\/wp-content\/uploads\/2025\/09\/professora-1.png\" alt=\"\" width=\"200\" height=\"200\" \/><\/figure>\n<h3>Alessandra Mara Souto<\/h3>\n<p>Professora<\/p>\n<figure><img decoding=\"async\" src=\"https:\/\/cooperjalesobjetivo.com.br\/novo\/wp-content\/uploads\/2025\/09\/professora-1.png\" alt=\"\" width=\"200\" height=\"200\" \/><\/figure>\n<h3>Ana Claudia Rosa dos Santos<\/h3>\n<p>Professora<\/p>\n<figure><img decoding=\"async\" title=\"\" src=\"https:\/\/reactheme.com\/products\/wordpress\/echooling\/wp-content\/uploads\/2022\/01\/05.jpg\" alt=\"\" \/><\/figure>\n<h3>Antonio Eduardo Louren\u00e7o<\/h3>\n<p>Professor (a)<\/p>\n<figure><img decoding=\"async\" title=\"\" src=\"https:\/\/cooperjalesobjetivo.com.br\/novo\/wp-content\/uploads\/2022\/01\/05-1.jpg\" alt=\"\" \/><\/figure>\n<h3>Anuar Salim Filho<\/h3>\n<p>Professor (a)<\/p>\n<figure><img decoding=\"async\" src=\"https:\/\/cooperjalesobjetivo.com.br\/novo\/wp-content\/uploads\/2025\/09\/professora-1.png\" alt=\"\" width=\"200\" height=\"200\" \/><\/figure>\n<h3>Cristina Brasil de Souza<\/h3>\n<p>Professora<\/p>\n<figure><img decoding=\"async\" src=\"https:\/\/cooperjalesobjetivo.com.br\/novo\/wp-content\/uploads\/2025\/09\/professora-1.png\" alt=\"\" width=\"200\" height=\"200\" \/><\/figure>\n<h3>Debora Pereira Bernardo Guandalini<\/h3>\n<p>Professora<\/p>\n<figure><img decoding=\"async\" src=\"https:\/\/cooperjalesobjetivo.com.br\/novo\/wp-content\/uploads\/2025\/09\/professora-1.png\" alt=\"\" width=\"200\" height=\"200\" \/><\/figure>\n<h3>Gl\u00e1ucia Rogeria Ribeiro<\/h3>\n<p>Professora<\/p>\n<figure><img decoding=\"async\" src=\"https:\/\/cooperjalesobjetivo.com.br\/novo\/wp-content\/uploads\/2025\/09\/professora-1.png\" alt=\"\" width=\"200\" height=\"200\" \/><\/figure>\n<h3>Gisele de Cassia Barbosa Moraes<\/h3>\n<p>Professora<\/p>\n<figure><img decoding=\"async\" src=\"https:\/\/cooperjalesobjetivo.com.br\/novo\/wp-content\/uploads\/2025\/09\/professora-1.png\" alt=\"\" width=\"200\" height=\"200\" \/><\/figure>\n<h3>J\u00e9ssica Dom\u00eanica Aruca<\/h3>\n<p>Professora<\/p>\n<figure><img decoding=\"async\" src=\"https:\/\/cooperjalesobjetivo.com.br\/novo\/wp-content\/uploads\/2025\/09\/professora-1.png\" alt=\"\" width=\"200\" height=\"200\" \/><\/figure>\n<h3>Joseane Lungatto Barraviera<\/h3>\n<p>Professora<\/p>\n<figure><img decoding=\"async\" src=\"https:\/\/cooperjalesobjetivo.com.br\/novo\/wp-content\/uploads\/2025\/09\/professora-1.png\" alt=\"\" width=\"200\" height=\"200\" \/><\/figure>\n<h3>Juliane Pirola Sinigalia<\/h3>\n<p>Professora<\/p>\n<figure><img decoding=\"async\" src=\"https:\/\/cooperjalesobjetivo.com.br\/novo\/wp-content\/uploads\/2025\/09\/professora-1.png\" alt=\"\" width=\"200\" height=\"200\" \/><\/figure>\n<h3>Thaisa Yumi Mori<\/h3>\n<p>Professora<\/p>\n\n\n<p><\/p>\n","protected":false},"excerpt":{"rendered":"<p>Bil\u00edngue O per\u00edodo de 0 a 5 anos \u00e9 o mais importante na forma\u00e7\u00e3o do individual. \u00c9 quando ele constr\u00f3i os princ\u00edpios instrumentais interiores de que se servir\u00e1, primeiro de modo inconsciente e depois com progressiva consci\u00eancia, para se relacionar com a chamada realidade exterior. O tempo todo a crian\u00e7a idade, descolrindo, inventando, resistindo, perguntando,&#8230;<\/p>\n","protected":false},"author":1,"featured_media":0,"parent":0,"menu_order":0,"comment_status":"closed","ping_status":"closed","template":"","meta":{"footnotes":""},"class_list":["post-5136","page","type-page","status-publish","hentry"],"_links":{"self":[{"href":"https:\/\/cooperjalesobjetivo.com.br\/novo\/wp-json\/wp\/v2\/pages\/5136","targetHints":{"allow":["GET"]}}],"collection":[{"href":"https:\/\/cooperjalesobjetivo.com.br\/novo\/wp-json\/wp\/v2\/pages"}],"about":[{"href":"https:\/\/cooperjalesobjetivo.com.br\/novo\/wp-json\/wp\/v2\/types\/page"}],"author":[{"embeddable":true,"href":"https:\/\/cooperjalesobjetivo.com.br\/novo\/wp-json\/wp\/v2\/users\/1"}],"replies":[{"embeddable":true,"href":"https:\/\/cooperjalesobjetivo.com.br\/novo\/wp-json\/wp\/v2\/comments?post=5136"}],"version-history":[{"count":9,"href":"https:\/\/cooperjalesobjetivo.com.br\/novo\/wp-json\/wp\/v2\/pages\/5136\/revisions"}],"predecessor-version":[{"id":6476,"href":"https:\/\/cooperjalesobjetivo.com.br\/novo\/wp-json\/wp\/v2\/pages\/5136\/revisions\/6476"}],"wp:attachment":[{"href":"https:\/\/cooperjalesobjetivo.com.br\/novo\/wp-json\/wp\/v2\/media?parent=5136"}],"curies":[{"name":"wp","href":"https:\/\/api.w.org\/{rel}","templated":true}]}}