{"id":4884,"date":"2025-09-21T21:47:26","date_gmt":"2025-09-22T00:47:26","guid":{"rendered":"http:\/\/cooperjalesobjetivo.educacao.ws\/?page_id=4884"},"modified":"2026-02-25T12:38:19","modified_gmt":"2026-02-25T15:38:19","slug":"normas","status":"publish","type":"page","link":"https:\/\/cooperjalesobjetivo.com.br\/novo\/normas\/","title":{"rendered":"Normas"},"content":{"rendered":"\t\t<div data-elementor-type=\"wp-page\" data-elementor-id=\"4884\" class=\"elementor elementor-4884\">\n\t\t\t\t\t\t<section class=\"elementor-section elementor-top-section elementor-element elementor-element-78e47a66 elementor-section-content-middle elementor-section-stretched elementor-section-boxed elementor-section-height-default elementor-section-height-default\" data-id=\"78e47a66\" data-element_type=\"section\" data-settings=\"{&quot;stretch_section&quot;:&quot;section-stretched&quot;,&quot;background_background&quot;:&quot;classic&quot;}\">\n\t\t\t\t\t\t<div class=\"elementor-container elementor-column-gap-default\">\n\t\t\t\t\t<div class=\"elementor-column elementor-col-33 elementor-top-column elementor-element elementor-element-1b10f964\" data-id=\"1b10f964\" data-element_type=\"column\">\n\t\t\t<div class=\"elementor-widget-wrap elementor-element-populated\">\n\t\t\t\t\t\t<div class=\"elementor-element elementor-element-3d335f37 elementor-widget elementor-widget-image\" data-id=\"3d335f37\" data-element_type=\"widget\" data-widget_type=\"image.default\">\n\t\t\t\t\t\t\t\t\t\t\t\t\t\t\t<img fetchpriority=\"high\" decoding=\"async\" width=\"640\" height=\"427\" src=\"https:\/\/cooperjalesobjetivo.com.br\/novo\/wp-content\/uploads\/2025\/11\/cropped-view-businesswomen-reading-document-1024x683.jpg\" class=\"attachment-large size-large wp-image-6055\" alt=\"\" srcset=\"https:\/\/cooperjalesobjetivo.com.br\/novo\/wp-content\/uploads\/2025\/11\/cropped-view-businesswomen-reading-document-1024x683.jpg 1024w, https:\/\/cooperjalesobjetivo.com.br\/novo\/wp-content\/uploads\/2025\/11\/cropped-view-businesswomen-reading-document-300x200.jpg 300w, https:\/\/cooperjalesobjetivo.com.br\/novo\/wp-content\/uploads\/2025\/11\/cropped-view-businesswomen-reading-document-768x512.jpg 768w, https:\/\/cooperjalesobjetivo.com.br\/novo\/wp-content\/uploads\/2025\/11\/cropped-view-businesswomen-reading-document-1536x1024.jpg 1536w, https:\/\/cooperjalesobjetivo.com.br\/novo\/wp-content\/uploads\/2025\/11\/cropped-view-businesswomen-reading-document-2048x1365.jpg 2048w\" sizes=\"(max-width: 640px) 100vw, 640px\" \/>\t\t\t\t\t\t\t\t\t\t\t\t\t\t\t<\/div>\n\t\t\t\t\t<\/div>\n\t\t<\/div>\n\t\t\t\t<div class=\"elementor-column elementor-col-66 elementor-top-column elementor-element elementor-element-18a643f0\" data-id=\"18a643f0\" data-element_type=\"column\">\n\t\t\t<div class=\"elementor-widget-wrap elementor-element-populated\">\n\t\t\t\t\t\t<div class=\"elementor-element elementor-element-2508e8f2 elementor-widget elementor-widget-react-heading\" data-id=\"2508e8f2\" data-element_type=\"widget\" data-widget_type=\"react-heading.default\">\n\t\t\t\t<div class=\"elementor-widget-container\">\n\t\t\t\t\t        <div class=\"react-heading default \">\n            <div class=\"title-inner\">\n                <h2 class=\"title\">Normas gerais<\/h2>            <\/div>\n                    <\/div>\n        \t\t\t\t<\/div>\n\t\t\t\t<\/div>\n\t\t\t\t<div class=\"elementor-element elementor-element-b5de4be elementor-widget elementor-widget-heading\" data-id=\"b5de4be\" data-element_type=\"widget\" data-widget_type=\"heading.default\">\n\t\t\t\t\t<p class=\"elementor-heading-title elementor-size-default\">Nesta p\u00e1gina voc\u00ea encontra os documentos oficiais que regem o funcionamento da nossa institui\u00e7\u00e3o de ensino. Eles foram elaborados para garantir transpar\u00eancia, organiza\u00e7\u00e3o e a boa conviv\u00eancia entre toda a comunidade escolar.<\/p>\t\t\t\t<\/div>\n\t\t\t\t<div class=\"elementor-element elementor-element-e1aeb32 elementor-widget elementor-widget-react-button\" data-id=\"e1aeb32\" data-element_type=\"widget\" data-widget_type=\"react-button.default\">\n\t\t\t\t<div class=\"elementor-widget-container\">\n\t\t\t\t\t\t\n\t\t\n\t\t<div class=\"react-button rt-btn--style3\">\n\t\t\t\t\t\t<a class=\"react_button\" href=\"https:\/\/cooperjalesobjetivo.com.br\/novo\/wp-content\/uploads\/2026\/02\/NormasdeConvivencia2025.pdf\" target=_blank>\t\t\t\t\n\t\t\t\t<span class=\"btn_text\">Normas de conviv\u00eancia 2025<\/span>\n\n\t\t\t\t\n\t\t\t\t\t\t\t<\/a>\n\t\t<\/div>    \n\t\t\t\t\t<\/div>\n\t\t\t\t<\/div>\n\t\t\t\t<div class=\"elementor-element elementor-element-9cd9079 elementor-widget elementor-widget-react-button\" data-id=\"9cd9079\" data-element_type=\"widget\" data-widget_type=\"react-button.default\">\n\t\t\t\t<div class=\"elementor-widget-container\">\n\t\t\t\t\t\t\n\t\t\n\t\t<div class=\"react-button rt-btn--style3\">\n\t\t\t\t\t\t<a class=\"react_button\" href=\"http:\/\/cooperjalesobjetivo.educacao.ws\/wp-content\/uploads\/2025\/09\/regimento-escolar.pdf\" target=_blank>\t\t\t\t\n\t\t\t\t<span class=\"btn_text\">Regimento escolar<\/span>\n\n\t\t\t\t\n\t\t\t\t\t\t\t<\/a>\n\t\t<\/div>    \n\t\t\t\t\t<\/div>\n\t\t\t\t<\/div>\n\t\t\t\t<div class=\"elementor-element elementor-element-babe94b elementor-widget elementor-widget-react-button\" data-id=\"babe94b\" data-element_type=\"widget\" data-widget_type=\"react-button.default\">\n\t\t\t\t<div class=\"elementor-widget-container\">\n\t\t\t\t\t\t\n\t\t\n\t\t<div class=\"react-button rt-btn--style3\">\n\t\t\t\t\t\t<a class=\"react_button\" href=\"http:\/\/cooperjalesobjetivo.educacao.ws\/wp-content\/uploads\/2025\/09\/adendo-regimento-escolar.pdf\" target=_blank>\t\t\t\t\n\t\t\t\t<span class=\"btn_text\">Adendo de altera\u00e7\u00e3o regimental<\/span>\n\n\t\t\t\t\n\t\t\t\t\t\t\t<\/a>\n\t\t<\/div>    \n\t\t\t\t\t<\/div>\n\t\t\t\t<\/div>\n\t\t\t\t<div class=\"elementor-element elementor-element-6dc0d5f elementor-widget elementor-widget-react-button\" data-id=\"6dc0d5f\" data-element_type=\"widget\" data-widget_type=\"react-button.default\">\n\t\t\t\t<div class=\"elementor-widget-container\">\n\t\t\t\t\t\t\n\t\t\n\t\t<div class=\"react-button rt-btn--style3\">\n\t\t\t\t\t\t<a class=\"react_button\" href=\"http:\/\/cooperjalesobjetivo.educacao.ws\/wp-content\/uploads\/2025\/09\/estatuto-social.pdf\" target=_blank>\t\t\t\t\n\t\t\t\t<span class=\"btn_text\">Estatuto social<\/span>\n\n\t\t\t\t\n\t\t\t\t\t\t\t<\/a>\n\t\t<\/div>    \n\t\t\t\t\t<\/div>\n\t\t\t\t<\/div>\n\t\t\t\t<div class=\"elementor-element elementor-element-3a9c012 elementor-widget elementor-widget-react-button\" data-id=\"3a9c012\" data-element_type=\"widget\" data-widget_type=\"react-button.default\">\n\t\t\t\t<div class=\"elementor-widget-container\">\n\t\t\t\t\t\t\n\t\t\n\t\t<div class=\"react-button rt-btn--style3\">\n\t\t\t\t\t\t<a class=\"react_button\" href=\"https:\/\/cooperjalesobjetivo.com.br\/novo\/wp-content\/uploads\/2026\/01\/Calendario-2026.pdf\" target=_blank>\t\t\t\t\n\t\t\t\t<span class=\"btn_text\">Calend\u00e1rio escolar 2026<\/span>\n\n\t\t\t\t\n\t\t\t\t\t\t\t<\/a>\n\t\t<\/div>    \n\t\t\t\t\t<\/div>\n\t\t\t\t<\/div>\n\t\t\t\t\t<\/div>\n\t\t<\/div>\n\t\t\t\t\t<\/div>\n\t\t<\/section>\n\t\t\t\t<\/div>\n\t\t","protected":false},"excerpt":{"rendered":"<p>Normas gerais Nesta p\u00e1gina voc\u00ea encontra os documentos oficiais que regem o funcionamento da nossa institui\u00e7\u00e3o de ensino. Eles foram elaborados para garantir transpar\u00eancia, organiza\u00e7\u00e3o e a boa conviv\u00eancia entre toda a comunidade escolar. Normas de conviv\u00eancia 2025 Regimento escolar Adendo de altera\u00e7\u00e3o regimental Estatuto social Calend\u00e1rio escolar 2026<\/p>\n","protected":false},"author":1,"featured_media":0,"parent":0,"menu_order":0,"comment_status":"closed","ping_status":"closed","template":"","meta":{"footnotes":""},"class_list":["post-4884","page","type-page","status-publish","hentry"],"_links":{"self":[{"href":"https:\/\/cooperjalesobjetivo.com.br\/novo\/wp-json\/wp\/v2\/pages\/4884","targetHints":{"allow":["GET"]}}],"collection":[{"href":"https:\/\/cooperjalesobjetivo.com.br\/novo\/wp-json\/wp\/v2\/pages"}],"about":[{"href":"https:\/\/cooperjalesobjetivo.com.br\/novo\/wp-json\/wp\/v2\/types\/page"}],"author":[{"embeddable":true,"href":"https:\/\/cooperjalesobjetivo.com.br\/novo\/wp-json\/wp\/v2\/users\/1"}],"replies":[{"embeddable":true,"href":"https:\/\/cooperjalesobjetivo.com.br\/novo\/wp-json\/wp\/v2\/comments?post=4884"}],"version-history":[{"count":25,"href":"https:\/\/cooperjalesobjetivo.com.br\/novo\/wp-json\/wp\/v2\/pages\/4884\/revisions"}],"predecessor-version":[{"id":6578,"href":"https:\/\/cooperjalesobjetivo.com.br\/novo\/wp-json\/wp\/v2\/pages\/4884\/revisions\/6578"}],"wp:attachment":[{"href":"https:\/\/cooperjalesobjetivo.com.br\/novo\/wp-json\/wp\/v2\/media?parent=4884"}],"curies":[{"name":"wp","href":"https:\/\/api.w.org\/{rel}","templated":true}]}}