{"id":4864,"date":"2025-09-21T20:23:33","date_gmt":"2025-09-21T23:23:33","guid":{"rendered":"http:\/\/cooperjalesobjetivo.educacao.ws\/?page_id=4864"},"modified":"2025-11-04T22:43:15","modified_gmt":"2025-11-05T01:43:15","slug":"pagina-de-exemplo","status":"publish","type":"page","link":"https:\/\/cooperjalesobjetivo.com.br\/novo\/pagina-de-exemplo\/","title":{"rendered":"Matr\u00edcula"},"content":{"rendered":"\t\t<div data-elementor-type=\"wp-page\" data-elementor-id=\"4864\" class=\"elementor elementor-4864\">\n\t\t\t\t<div class=\"elementor-element elementor-element-874d206 e-flex e-con-boxed e-con e-parent\" data-id=\"874d206\" data-element_type=\"container\">\n\t\t\t\t\t<div class=\"e-con-inner\">\n\t\t\t\t<div class=\"elementor-element elementor-element-71b9749 elementor-widget elementor-widget-heading\" data-id=\"71b9749\" data-element_type=\"widget\" data-widget_type=\"heading.default\">\n\t\t\t\t\t<h2 class=\"elementor-heading-title elementor-size-default\">Matr\u00edcula<\/h2>\t\t\t\t<\/div>\n\t\t\t\t\t<\/div>\n\t\t\t\t<\/div>\n\t\t<div class=\"elementor-element elementor-element-9c57f10 e-flex e-con-boxed e-con e-parent\" data-id=\"9c57f10\" data-element_type=\"container\">\n\t\t\t\t\t<div class=\"e-con-inner\">\n\t\t\t\t<div class=\"elementor-element elementor-element-8b7b23d elementor-widget elementor-widget-text-editor\" data-id=\"8b7b23d\" data-element_type=\"widget\" data-widget_type=\"text-editor.default\">\n\t\t\t\t\t\t\t\t\t<p>Utilize o formul\u00e1rio abaixo para enviar sua inten\u00e7\u00e3o de matr\u00edcula<\/p>\t\t\t\t\t\t\t\t<\/div>\n\t\t\t\t\t<\/div>\n\t\t\t\t<\/div>\n\t\t<div class=\"elementor-element elementor-element-b709403 e-flex e-con-boxed e-con e-parent\" data-id=\"b709403\" data-element_type=\"container\">\n\t\t\t\t\t<div class=\"e-con-inner\">\n\t\t\t\t<div class=\"elementor-element elementor-element-9ad36cf elementor-widget elementor-widget-rt-cf7\" data-id=\"9ad36cf\" data-element_type=\"widget\" data-widget_type=\"rt-cf7.default\">\n\t\t\t\t<div class=\"elementor-widget-container\">\n\t\t\t\t\t<div class=\"form_btn_\">\n<div class=\"wpcf7 no-js\" id=\"wpcf7-f4865-o1\" lang=\"pt-BR\" dir=\"ltr\" data-wpcf7-id=\"4865\">\n<div class=\"screen-reader-response\"><p role=\"status\" aria-live=\"polite\" aria-atomic=\"true\"><\/p> <ul><\/ul><\/div>\n<form action=\"\/novo\/wp-json\/wp\/v2\/pages\/4864#wpcf7-f4865-o1\" method=\"post\" class=\"wpcf7-form init\" aria-label=\"Formul\u00e1rios de contato\" novalidate=\"novalidate\" data-status=\"init\">\n<fieldset class=\"hidden-fields-container\"><input type=\"hidden\" name=\"_wpcf7\" value=\"4865\" \/><input type=\"hidden\" name=\"_wpcf7_version\" value=\"6.1.1\" \/><input type=\"hidden\" name=\"_wpcf7_locale\" value=\"pt_BR\" \/><input type=\"hidden\" name=\"_wpcf7_unit_tag\" value=\"wpcf7-f4865-o1\" \/><input type=\"hidden\" name=\"_wpcf7_container_post\" value=\"0\" \/><input type=\"hidden\" name=\"_wpcf7_posted_data_hash\" value=\"\" \/>\n<\/fieldset>\n<p><label><strong>DADOS DO RESPONS\u00c1VEL<\/strong><\/label>\n<\/p>\n<p><label>CPF<br \/>\n<span class=\"wpcf7-form-control-wrap\" data-name=\"responsavel-cpf\"><input size=\"40\" maxlength=\"400\" class=\"wpcf7-form-control wpcf7-text wpcf7-validates-as-required\" autocomplete=\"cpf\" aria-required=\"true\" aria-invalid=\"false\" value=\"\" type=\"text\" name=\"responsavel-cpf\" \/><\/span><br \/>\n<\/label>\n<\/p>\n<p><label>Nome<br \/>\n<span class=\"wpcf7-form-control-wrap\" data-name=\"responsavel-nome\"><input size=\"40\" maxlength=\"400\" class=\"wpcf7-form-control wpcf7-text wpcf7-validates-as-required\" autocomplete=\"nome\" aria-required=\"true\" aria-invalid=\"false\" value=\"\" type=\"text\" name=\"responsavel-nome\" \/><\/span><br \/>\n<\/label>\n<\/p>\n<p><label>Endere\u00e7o<br \/>\n<span class=\"wpcf7-form-control-wrap\" data-name=\"responsavel-endereco\"><input size=\"40\" maxlength=\"400\" class=\"wpcf7-form-control wpcf7-text wpcf7-validates-as-required\" autocomplete=\"endereco\" aria-required=\"true\" aria-invalid=\"false\" value=\"\" type=\"text\" name=\"responsavel-endereco\" \/><\/span><br \/>\n<\/label>\n<\/p>\n<p><label>Celular<br \/>\n<span class=\"wpcf7-form-control-wrap\" data-name=\"responsavel-celular\"><input size=\"40\" maxlength=\"400\" class=\"wpcf7-form-control wpcf7-tel wpcf7-validates-as-required wpcf7-text wpcf7-validates-as-tel\" autocomplete=\"telefone\" aria-required=\"true\" aria-invalid=\"false\" value=\"\" type=\"tel\" name=\"responsavel-celular\" \/><\/span><br \/>\n<\/label>\n<\/p>\n<p><label>E-mail<br \/>\n<span class=\"wpcf7-form-control-wrap\" data-name=\"responsavel-email\"><input size=\"40\" maxlength=\"400\" class=\"wpcf7-form-control wpcf7-email wpcf7-validates-as-required wpcf7-text wpcf7-validates-as-email\" autocomplete=\"email\" aria-required=\"true\" aria-invalid=\"false\" value=\"\" type=\"email\" name=\"responsavel-email\" \/><\/span><br \/>\n<\/label>\n<\/p>\n<p><label><strong>DADOS DO ALUNO<\/strong><\/label>\n<\/p>\n<p><label>Nome<br \/>\n<span class=\"wpcf7-form-control-wrap\" data-name=\"aluno-nome\"><input size=\"40\" maxlength=\"400\" class=\"wpcf7-form-control wpcf7-text wpcf7-validates-as-required\" autocomplete=\"name\" aria-required=\"true\" aria-invalid=\"false\" value=\"\" type=\"text\" name=\"aluno-nome\" \/><\/span><br \/>\n<\/label>\n<\/p>\n<p><label>Data de nascimento<br \/>\n<span class=\"wpcf7-form-control-wrap\" data-name=\"aluno-nascimento\"><input class=\"wpcf7-form-control wpcf7-date wpcf7-validates-as-required wpcf7-validates-as-date\" aria-required=\"true\" aria-invalid=\"false\" value=\"\" type=\"date\" name=\"aluno-nascimento\" \/><\/span><br \/>\n<\/label>\n<\/p>\n<p><label><strong>DADOS COMPLEMENTARES<\/strong><\/label>\n<\/p>\n<p><label>Ano letivo de interesse<br \/>\n<span class=\"wpcf7-form-control-wrap\" data-name=\"ano-letivo\"><input size=\"40\" maxlength=\"400\" class=\"wpcf7-form-control wpcf7-text wpcf7-validates-as-required\" aria-required=\"true\" aria-invalid=\"false\" value=\"\" type=\"text\" name=\"ano-letivo\" \/><\/span><br \/>\n<\/label>\n<\/p>\n<p><label>Unidade<br \/>\n<span class=\"wpcf7-form-control-wrap\" data-name=\"unidade\"><input size=\"40\" maxlength=\"400\" class=\"wpcf7-form-control wpcf7-text wpcf7-validates-as-required\" aria-required=\"true\" aria-invalid=\"false\" value=\"\" type=\"text\" name=\"unidade\" \/><\/span><br \/>\n<\/label>\n<\/p>\n<p><label>S\u00e9rie<br \/>\n<span class=\"wpcf7-form-control-wrap\" data-name=\"serie\"><input size=\"40\" maxlength=\"400\" class=\"wpcf7-form-control wpcf7-text wpcf7-validates-as-required\" aria-required=\"true\" aria-invalid=\"false\" value=\"\" type=\"text\" name=\"serie\" \/><\/span><br \/>\n<\/label>\n<\/p>\n<p><label>Turno<br \/>\n<span class=\"wpcf7-form-control-wrap\" data-name=\"turno\"><input size=\"40\" maxlength=\"400\" class=\"wpcf7-form-control wpcf7-text wpcf7-validates-as-required\" aria-required=\"true\" aria-invalid=\"false\" value=\"\" type=\"text\" name=\"turno\" \/><\/span><br \/>\n<\/label>\n<\/p>\n<p><label>Data de matr\u00edcula de interesse<br \/>\n<span class=\"wpcf7-form-control-wrap\" data-name=\"data-matricula\"><input class=\"wpcf7-form-control wpcf7-date wpcf7-validates-as-required wpcf7-validates-as-date\" aria-required=\"true\" aria-invalid=\"false\" value=\"\" type=\"date\" name=\"data-matricula\" \/><\/span><br \/>\n<\/label>\n<\/p>\n<p><label>Escola de origem<br \/>\n<span class=\"wpcf7-form-control-wrap\" data-name=\"escola-origem\"><input size=\"40\" maxlength=\"400\" class=\"wpcf7-form-control wpcf7-text wpcf7-validates-as-required\" aria-required=\"true\" aria-invalid=\"false\" value=\"\" type=\"text\" name=\"escola-origem\" \/><\/span><br \/>\n<\/label>\n<\/p>\n<p><label>Observa\u00e7\u00e3o (opcional)<br \/>\n<span class=\"wpcf7-form-control-wrap\" data-name=\"observacao\"><textarea cols=\"40\" rows=\"10\" maxlength=\"2000\" class=\"wpcf7-form-control wpcf7-textarea\" aria-invalid=\"false\" name=\"observacao\"><\/textarea><\/span><br \/>\n<\/label>\n<\/p>\n<p><input class=\"wpcf7-form-control wpcf7-submit has-spinner\" type=\"submit\" value=\"Enviar\" \/>\n<\/p><div class=\"wpcf7-response-output\" aria-hidden=\"true\"><\/div>\n<\/form>\n<\/div>\n<\/div>\t\t\t\t<\/div>\n\t\t\t\t<\/div>\n\t\t\t\t\t<\/div>\n\t\t\t\t<\/div>\n\t\t\t\t<\/div>\n\t\t","protected":false},"excerpt":{"rendered":"<p>Matr\u00edcula Utilize o formul\u00e1rio abaixo para enviar sua inten\u00e7\u00e3o de matr\u00edcula Nome E-mail Endere\u00e7o Sua mensagem (opcional)<\/p>\n","protected":false},"author":1,"featured_media":0,"parent":0,"menu_order":0,"comment_status":"closed","ping_status":"open","template":"","meta":{"footnotes":""},"class_list":["post-4864","page","type-page","status-publish","hentry"],"_links":{"self":[{"href":"https:\/\/cooperjalesobjetivo.com.br\/novo\/wp-json\/wp\/v2\/pages\/4864","targetHints":{"allow":["GET"]}}],"collection":[{"href":"https:\/\/cooperjalesobjetivo.com.br\/novo\/wp-json\/wp\/v2\/pages"}],"about":[{"href":"https:\/\/cooperjalesobjetivo.com.br\/novo\/wp-json\/wp\/v2\/types\/page"}],"author":[{"embeddable":true,"href":"https:\/\/cooperjalesobjetivo.com.br\/novo\/wp-json\/wp\/v2\/users\/1"}],"replies":[{"embeddable":true,"href":"https:\/\/cooperjalesobjetivo.com.br\/novo\/wp-json\/wp\/v2\/comments?post=4864"}],"version-history":[{"count":15,"href":"https:\/\/cooperjalesobjetivo.com.br\/novo\/wp-json\/wp\/v2\/pages\/4864\/revisions"}],"predecessor-version":[{"id":4882,"href":"https:\/\/cooperjalesobjetivo.com.br\/novo\/wp-json\/wp\/v2\/pages\/4864\/revisions\/4882"}],"wp:attachment":[{"href":"https:\/\/cooperjalesobjetivo.com.br\/novo\/wp-json\/wp\/v2\/media?parent=4864"}],"curies":[{"name":"wp","href":"https:\/\/api.w.org\/{rel}","templated":true}]}}