{"id":4823,"date":"2025-09-21T15:02:19","date_gmt":"2025-09-21T18:02:19","guid":{"rendered":"http:\/\/cooperjalesobjetivo.educacao.ws\/?page_id=4823"},"modified":"2025-09-21T22:56:42","modified_gmt":"2025-09-22T01:56:42","slug":"noticias","status":"publish","type":"page","link":"https:\/\/cooperjalesobjetivo.com.br\/novo\/noticias\/","title":{"rendered":"Not\u00edcias"},"content":{"rendered":"\t\t<div data-elementor-type=\"wp-page\" data-elementor-id=\"4823\" class=\"elementor elementor-4823\">\n\t\t\t\t\t\t<section class=\"elementor-section elementor-top-section elementor-element elementor-element-cc88011 elementor-section-boxed elementor-section-height-default elementor-section-height-default\" data-id=\"cc88011\" data-element_type=\"section\">\n\t\t\t\t\t\t<div class=\"elementor-container elementor-column-gap-default\">\n\t\t\t\t\t<div class=\"elementor-column elementor-col-100 elementor-top-column elementor-element elementor-element-d76d2a3\" data-id=\"d76d2a3\" data-element_type=\"column\">\n\t\t\t<div class=\"elementor-widget-wrap elementor-element-populated\">\n\t\t\t\t\t\t<div class=\"elementor-element elementor-element-8f69224 elementor-widget elementor-widget-react-blog\" data-id=\"8f69224\" data-element_type=\"widget\" data-widget_type=\"react-blog.default\">\n\t\t\t\t<div class=\"elementor-widget-container\">\n\t\t\t\t\t         \n\t\t<div class=\"reactheme-blog-grid reactheme-blog-grid2\">            \n\t\t\t\n            <div class=\"row blog-gird-item\">\n                \n\t\t\t \t\t\t\t\t\t\n\t\t\t\t\t<div class=\"grid-item col-lg-4  filter_noticias \">\n\n                                                    <div class=\"no-gutter blog-item reactheme-blog-grid1\">                                                           \n                                <div class=\"image-part\">\n                                    <a href=\"https:\/\/cooperjalesobjetivo.com.br\/novo\/a-nova-plataforma-reflete-o-compromisso-da-escola-com-a-inovacao-e-a-proximidade-com-alunos-familias-e-comunidade\/\">\n                                        <img fetchpriority=\"high\" decoding=\"async\" width=\"2560\" height=\"1707\" src=\"https:\/\/cooperjalesobjetivo.com.br\/novo\/wp-content\/uploads\/2025\/11\/DSC01235-scaled.png\" class=\"attachment-full size-full wp-post-image\" alt=\"\" srcset=\"https:\/\/cooperjalesobjetivo.com.br\/novo\/wp-content\/uploads\/2025\/11\/DSC01235-scaled.png 2560w, https:\/\/cooperjalesobjetivo.com.br\/novo\/wp-content\/uploads\/2025\/11\/DSC01235-300x200.png 300w, https:\/\/cooperjalesobjetivo.com.br\/novo\/wp-content\/uploads\/2025\/11\/DSC01235-1024x683.png 1024w, https:\/\/cooperjalesobjetivo.com.br\/novo\/wp-content\/uploads\/2025\/11\/DSC01235-768x512.png 768w, https:\/\/cooperjalesobjetivo.com.br\/novo\/wp-content\/uploads\/2025\/11\/DSC01235-1536x1024.png 1536w, https:\/\/cooperjalesobjetivo.com.br\/novo\/wp-content\/uploads\/2025\/11\/DSC01235-2048x1365.png 2048w\" sizes=\"(max-width: 2560px) 100vw, 2560px\" \/>                                    <\/a> \n                                                                                                                        <span class=\"date-full\">Nov 02<\/span>\n                                                                                                            <\/div>                             \n                                \n                                <div class=\"blog-content\"> \n                                                                                        <div class=\"cat_list\">\n                                                    <ul class=\"post-categories\">\n\t<li><a href=\"https:\/\/cooperjalesobjetivo.com.br\/novo\/category\/noticias\/\" rel=\"category tag\">Not\u00edcias<\/a><\/li><\/ul>                                                <\/div>\n                                                                           \n\n                                                                                \n                                        \n                                        <h3 class=\"title dd\"><a href=\"https:\/\/cooperjalesobjetivo.com.br\/novo\/a-nova-plataforma-reflete-o-compromisso-da-escola-com-a-inovacao-e-a-proximidade-com-alunos-familias-e-comunidade\/\">A nova plataforma reflete o compromisso da escola com a inova\u00e7\u00e3o e a proximidade com alunos, fam\u00edlias e comunidade.<\/a><\/h3>\n                                                                                    <p class=\"txt\">O Col\u00e9gio Cooperjales Objetivo acaba de lan\u00e7ar seu novo site oficial, desenvolvido para oferecer uma navega\u00e7\u00e3o mais moderna, intuitiva e...<\/p>\n                                                                                                                        <ul class=\"blog-meta\">                                            \n                                                                                                                                            <li><svg xmlns=\"http:\/\/www.w3.org\/2000\/svg\" width=\"24\" height=\"24\" viewBox=\"0 0 24 24\" fill=\"none\" stroke=\"currentColor\" stroke-width=\"2\" stroke-linecap=\"round\" stroke-linejoin=\"round\" class=\"feather feather-user\"><path d=\"M20 21v-2a4 4 0 0 0-4-4H8a4 4 0 0 0-4 4v2\"><\/path><circle cx=\"12\" cy=\"7\" r=\"4\"><\/circle><\/svg> Lucas<\/li>\n                                                                                                                                    <\/ul>\n                                                                                \n                                <\/div>                                \n                            \n                            <\/div>\n                                                    \n                    <\/div>\n\t\t\t\t\t                 \n                         \n                <\/div>   \n                               \n            \t    \n                              \n\t\t<\/div>\n\t   \t\t\t\t<\/div>\n\t\t\t\t<\/div>\n\t\t\t\t\t<\/div>\n\t\t<\/div>\n\t\t\t\t\t<\/div>\n\t\t<\/section>\n\t\t\t\t<\/div>\n\t\t","protected":false},"excerpt":{"rendered":"<p>jan 18 Not\u00edcias Fostering future Schools &#038; social Innovation Pellentesque in ipsum id orci porta dapibus. Nulla porttitor accumsan tincidunt. Curabitur arcu erat, accumsan id imperdiet et, porttitor at&#8230; vandre jan 18 Not\u00edcias The Role of conflict in a account of Common Goods Pellentesque in ipsum id orci porta dapibus. Nulla porttitor accumsan tincidunt. Curabitur&#8230;<\/p>\n","protected":false},"author":1,"featured_media":0,"parent":0,"menu_order":0,"comment_status":"closed","ping_status":"closed","template":"","meta":{"footnotes":""},"class_list":["post-4823","page","type-page","status-publish","hentry"],"_links":{"self":[{"href":"https:\/\/cooperjalesobjetivo.com.br\/novo\/wp-json\/wp\/v2\/pages\/4823","targetHints":{"allow":["GET"]}}],"collection":[{"href":"https:\/\/cooperjalesobjetivo.com.br\/novo\/wp-json\/wp\/v2\/pages"}],"about":[{"href":"https:\/\/cooperjalesobjetivo.com.br\/novo\/wp-json\/wp\/v2\/types\/page"}],"author":[{"embeddable":true,"href":"https:\/\/cooperjalesobjetivo.com.br\/novo\/wp-json\/wp\/v2\/users\/1"}],"replies":[{"embeddable":true,"href":"https:\/\/cooperjalesobjetivo.com.br\/novo\/wp-json\/wp\/v2\/comments?post=4823"}],"version-history":[{"count":9,"href":"https:\/\/cooperjalesobjetivo.com.br\/novo\/wp-json\/wp\/v2\/pages\/4823\/revisions"}],"predecessor-version":[{"id":4986,"href":"https:\/\/cooperjalesobjetivo.com.br\/novo\/wp-json\/wp\/v2\/pages\/4823\/revisions\/4986"}],"wp:attachment":[{"href":"https:\/\/cooperjalesobjetivo.com.br\/novo\/wp-json\/wp\/v2\/media?parent=4823"}],"curies":[{"name":"wp","href":"https:\/\/api.w.org\/{rel}","templated":true}]}}