{"id":4818,"date":"2025-09-21T14:57:58","date_gmt":"2025-09-21T17:57:58","guid":{"rendered":"http:\/\/cooperjalesobjetivo.educacao.ws\/?page_id=4818"},"modified":"2026-04-06T11:54:11","modified_gmt":"2026-04-06T14:54:11","slug":"eventos","status":"publish","type":"page","link":"https:\/\/cooperjalesobjetivo.com.br\/novo\/eventos\/","title":{"rendered":"Eventos"},"content":{"rendered":"<p><a href=\"https:\/\/cooperjalesobjetivo.com.br\/novo\/noite-do-autografo-objetivo-2025\/\"><br \/>\n                                        <img fetchpriority=\"high\" width=\"1536\" height=\"1106\" src=\"https:\/\/cooperjalesobjetivo.com.br\/novo\/wp-content\/uploads\/2025\/11\/2-e1763677062552.jpeg\" alt=\"\" decoding=\"async\" srcset=\"https:\/\/cooperjalesobjetivo.com.br\/novo\/wp-content\/uploads\/2025\/11\/2-e1763677062552.jpeg 1536w, https:\/\/cooperjalesobjetivo.com.br\/novo\/wp-content\/uploads\/2025\/11\/2-e1763677062552-300x216.jpeg 300w, https:\/\/cooperjalesobjetivo.com.br\/novo\/wp-content\/uploads\/2025\/11\/2-e1763677062552-1024x737.jpeg 1024w, https:\/\/cooperjalesobjetivo.com.br\/novo\/wp-content\/uploads\/2025\/11\/2-e1763677062552-768x553.jpeg 768w\" sizes=\"(max-width: 1536px) 100vw, 1536px\" \/>                                    <\/a><br \/>\n                                                                                                                        nov 20<\/p>\n<ul>\n<li><a href=\"https:\/\/cooperjalesobjetivo.com.br\/novo\/category\/eventos\/\" rel=\"category tag\">Eventos<\/a><\/li>\n<\/ul>\n<h3><a href=\"https:\/\/cooperjalesobjetivo.com.br\/novo\/noite-do-autografo-objetivo-2025\/\">Noite do aut\u00f3grafo &#8211; Objetivo 2025<\/a><\/h3>\n<p>Noite do Aut\u00f3grafo \u2013 Criatividade que ganha vida! Nossos alunos participaram de uma noite muito especial, celebrando a cria\u00e7\u00e3o do&#8230;<\/p>\n<ul>\n<li><svg xmlns=\"http:\/\/www.w3.org\/2000\/svg\" width=\"24\" height=\"24\" viewBox=\"0 0 24 24\" fill=\"none\" stroke=\"currentColor\" stroke-width=\"2\" stroke-linecap=\"round\" stroke-linejoin=\"round\"><path d=\"M20 21v-2a4 4 0 0 0-4-4H8a4 4 0 0 0-4 4v2\"><\/path><circle cx=\"12\" cy=\"7\" r=\"4\"><\/circle><\/svg> Lucas<\/li>\n<\/ul>\n<p>                                    <a href=\"https:\/\/cooperjalesobjetivo.com.br\/novo\/semana-das-criancas-objetivo-2025\/\"><br \/>\n                                        <img width=\"1600\" height=\"1200\" src=\"https:\/\/cooperjalesobjetivo.com.br\/novo\/wp-content\/uploads\/2025\/10\/fcde7e06-ae54-4242-9482-90d94f9ef360.jpg\" alt=\"\" decoding=\"async\" srcset=\"https:\/\/cooperjalesobjetivo.com.br\/novo\/wp-content\/uploads\/2025\/10\/fcde7e06-ae54-4242-9482-90d94f9ef360.jpg 1600w, https:\/\/cooperjalesobjetivo.com.br\/novo\/wp-content\/uploads\/2025\/10\/fcde7e06-ae54-4242-9482-90d94f9ef360-300x225.jpg 300w, https:\/\/cooperjalesobjetivo.com.br\/novo\/wp-content\/uploads\/2025\/10\/fcde7e06-ae54-4242-9482-90d94f9ef360-1024x768.jpg 1024w, https:\/\/cooperjalesobjetivo.com.br\/novo\/wp-content\/uploads\/2025\/10\/fcde7e06-ae54-4242-9482-90d94f9ef360-768x576.jpg 768w, https:\/\/cooperjalesobjetivo.com.br\/novo\/wp-content\/uploads\/2025\/10\/fcde7e06-ae54-4242-9482-90d94f9ef360-1536x1152.jpg 1536w\" sizes=\"(max-width: 1600px) 100vw, 1600px\" \/>                                    <\/a><br \/>\n                                                                                                                        nov 02<\/p>\n<ul>\n<li><a href=\"https:\/\/cooperjalesobjetivo.com.br\/novo\/category\/eventos\/\" rel=\"category tag\">Eventos<\/a><\/li>\n<\/ul>\n<h3><a href=\"https:\/\/cooperjalesobjetivo.com.br\/novo\/semana-das-criancas-objetivo-2025\/\">Semana das Crian\u00e7as &#8211; Objetivo 2025<\/a><\/h3>\n<p>Uma semana especial para celebrar a inf\u00e2ncia com sorrisos, aprendizado e momentos inesquec\u00edveis. O Col\u00e9gio Cooperjales Objetivo viveu dias repletos&#8230;<\/p>\n<ul>\n<li><svg xmlns=\"http:\/\/www.w3.org\/2000\/svg\" width=\"24\" height=\"24\" viewBox=\"0 0 24 24\" fill=\"none\" stroke=\"currentColor\" stroke-width=\"2\" stroke-linecap=\"round\" stroke-linejoin=\"round\"><path d=\"M20 21v-2a4 4 0 0 0-4-4H8a4 4 0 0 0-4 4v2\"><\/path><circle cx=\"12\" cy=\"7\" r=\"4\"><\/circle><\/svg> Lucas<\/li>\n<\/ul>\n<p>                                    <a href=\"https:\/\/cooperjalesobjetivo.com.br\/novo\/festa-junina-objetivo-2025\/\"><br \/>\n                                        <img width=\"2048\" height=\"1536\" src=\"https:\/\/cooperjalesobjetivo.com.br\/novo\/wp-content\/uploads\/2025\/09\/IMG_4977.jpeg\" alt=\"\" decoding=\"async\" srcset=\"https:\/\/cooperjalesobjetivo.com.br\/novo\/wp-content\/uploads\/2025\/09\/IMG_4977.jpeg 2048w, https:\/\/cooperjalesobjetivo.com.br\/novo\/wp-content\/uploads\/2025\/09\/IMG_4977-300x225.jpeg 300w, https:\/\/cooperjalesobjetivo.com.br\/novo\/wp-content\/uploads\/2025\/09\/IMG_4977-1024x768.jpeg 1024w, https:\/\/cooperjalesobjetivo.com.br\/novo\/wp-content\/uploads\/2025\/09\/IMG_4977-768x576.jpeg 768w, https:\/\/cooperjalesobjetivo.com.br\/novo\/wp-content\/uploads\/2025\/09\/IMG_4977-1536x1152.jpeg 1536w\" sizes=\"(max-width: 2048px) 100vw, 2048px\" \/>                                    <\/a><br \/>\n                                                                                                                        set 25<\/p>\n<ul>\n<li><a href=\"https:\/\/cooperjalesobjetivo.com.br\/novo\/category\/eventos\/\" rel=\"category tag\">Eventos<\/a><\/li>\n<\/ul>\n<h3><a href=\"https:\/\/cooperjalesobjetivo.com.br\/novo\/festa-junina-objetivo-2025\/\">Festa Junina &#8211; Objetivo 2025<\/a><\/h3>\n<p>Tradi\u00e7\u00e3o, alegria e uni\u00e3o marcaram o Arrai\u00e1 do Cooperjales Objetivo! Uma festa cheia de cores, m\u00fasica e divers\u00e3o que celebrou&#8230;<\/p>\n<ul>\n<li><svg xmlns=\"http:\/\/www.w3.org\/2000\/svg\" width=\"24\" height=\"24\" viewBox=\"0 0 24 24\" fill=\"none\" stroke=\"currentColor\" stroke-width=\"2\" stroke-linecap=\"round\" stroke-linejoin=\"round\"><path d=\"M20 21v-2a4 4 0 0 0-4-4H8a4 4 0 0 0-4 4v2\"><\/path><circle cx=\"12\" cy=\"7\" r=\"4\"><\/circle><\/svg> Lucas<\/li>\n<\/ul>\n\n\n<p><\/p>\n","protected":false},"excerpt":{"rendered":"<p>nov 20 Eventos Noite do aut\u00f3grafo &#8211; Objetivo 2025 Noite do Aut\u00f3grafo \u2013 Criatividade que ganha vida! Nossos alunos participaram de uma noite muito especial, celebrando a cria\u00e7\u00e3o do&#8230; Lucas nov 02 Eventos Semana das Crian\u00e7as &#8211; Objetivo 2025 Uma semana especial para celebrar a inf\u00e2ncia com sorrisos, aprendizado e momentos inesquec\u00edveis. O Col\u00e9gio Cooperjales&#8230;<\/p>\n","protected":false},"author":1,"featured_media":0,"parent":0,"menu_order":0,"comment_status":"closed","ping_status":"closed","template":"","meta":{"footnotes":""},"class_list":["post-4818","page","type-page","status-publish","hentry"],"_links":{"self":[{"href":"https:\/\/cooperjalesobjetivo.com.br\/novo\/wp-json\/wp\/v2\/pages\/4818","targetHints":{"allow":["GET"]}}],"collection":[{"href":"https:\/\/cooperjalesobjetivo.com.br\/novo\/wp-json\/wp\/v2\/pages"}],"about":[{"href":"https:\/\/cooperjalesobjetivo.com.br\/novo\/wp-json\/wp\/v2\/types\/page"}],"author":[{"embeddable":true,"href":"https:\/\/cooperjalesobjetivo.com.br\/novo\/wp-json\/wp\/v2\/users\/1"}],"replies":[{"embeddable":true,"href":"https:\/\/cooperjalesobjetivo.com.br\/novo\/wp-json\/wp\/v2\/comments?post=4818"}],"version-history":[{"count":10,"href":"https:\/\/cooperjalesobjetivo.com.br\/novo\/wp-json\/wp\/v2\/pages\/4818\/revisions"}],"predecessor-version":[{"id":6713,"href":"https:\/\/cooperjalesobjetivo.com.br\/novo\/wp-json\/wp\/v2\/pages\/4818\/revisions\/6713"}],"wp:attachment":[{"href":"https:\/\/cooperjalesobjetivo.com.br\/novo\/wp-json\/wp\/v2\/media?parent=4818"}],"curies":[{"name":"wp","href":"https:\/\/api.w.org\/{rel}","templated":true}]}}